{"id":288,"date":"2026-01-05T07:33:49","date_gmt":"2026-01-05T07:33:49","guid":{"rendered":"https:\/\/zablis.ch\/?post_type=product&#038;p=288"},"modified":"2026-02-17T17:19:45","modified_gmt":"2026-02-17T17:19:45","slug":"bauernhof-set","status":"publish","type":"product","link":"https:\/\/zablis.ch\/?product=bauernhof-set","title":{"rendered":"Bauernhof Set"},"content":{"rendered":"<blockquote>\n<p data-start=\"42\" data-end=\"84\">Drei Bauernhof-Freunde, die schon vor dem Fr\u00fchst\u00fcck f\u00fcr Stimmung sorgen!<\/p>\n<\/blockquote>\n<p data-start=\"42\" data-end=\"84\"><strong data-start=\"42\" data-end=\"79\">Lustige Flexi-Sammelfiguren aus PLA &#8211; Das Oster Set<\/strong><\/p>\n<p data-start=\"86\" data-end=\"305\">Diese witzigen Flexi-Figuren aus <strong data-start=\"116\" data-end=\"123\">PLA<\/strong> begeistern mit\u00a0<strong data-start=\"139\" data-end=\"163\">beweglichen Gelenken<\/strong>, ganz ohne Montage. Dank pr\u00e4ziser Fertigung sind sie robust, flexibel und machen einfach Spass \u2013 ob als Deko oder Sammelobjekt.<\/p>\n<p data-start=\"307\" data-end=\"393\"><img decoding=\"async\" class=\"emoji\" role=\"img\" draggable=\"false\" src=\"https:\/\/s.w.org\/images\/core\/emoji\/17.0.2\/svg\/1f331.svg\" alt=\"\ud83c\udf31\" \/>\u00a0Nachhaltiges Material<br data-start=\"331\" data-end=\"334\" \/><img decoding=\"async\" class=\"emoji\" role=\"img\" draggable=\"false\" src=\"https:\/\/s.w.org\/images\/core\/emoji\/17.0.2\/svg\/1f381.svg\" alt=\"\ud83c\udf81\" \/>\u00a0Ideal zum Verschenken<\/p>\n<p data-start=\"395\" data-end=\"458\" data-is-last-node=\"\" data-is-only-node=\"\">Ein kleines Highlight mit grossem Gute-Laune-Faktor.<\/p>\n","protected":false},"excerpt":{"rendered":"<p>Drei Bauernhof-Freunde, die schon vor dem Fr\u00fchst\u00fcck f\u00fcr Stimmung sorgen! Lustige Flexi-Sammelfiguren aus PLA &#8211; Das Oster Set Diese witzigen Flexi-Figuren aus PLA begeistern mit\u00a0beweglichen Gelenken, ganz ohne Montage. Dank pr\u00e4ziser Fertigung sind sie robust, flexibel und machen einfach Spass \u2013 ob als Deko oder Sammelobjekt. \u00a0Nachhaltiges Material\u00a0Ideal zum Verschenken Ein kleines Highlight mit grossem Gute-Laune-Faktor.<\/p>\n","protected":false},"featured_media":286,"comment_status":"open","ping_status":"closed","template":"","meta":[],"product_cat":[21,26],"product_tag":[],"class_list":{"0":"post-288","1":"product","2":"type-product","3":"status-publish","4":"has-post-thumbnail","6":"product_cat-figuren","7":"product_cat-sets","9":"first","10":"instock","11":"sale","12":"taxable","13":"shipping-taxable","14":"purchasable","15":"product-type-simple"},"yoast_head":"<!-- This site is optimized with the Yoast SEO plugin v27.0 - https:\/\/yoast.com\/product\/yoast-seo-wordpress\/ -->\n<title>Bauernhof Set - Zablis.ch<\/title>\n<meta name=\"robots\" content=\"index, follow, max-snippet:-1, max-image-preview:large, max-video-preview:-1\" \/>\n<link rel=\"canonical\" href=\"https:\/\/zablis.ch\/?product=bauernhof-set\" \/>\n<meta property=\"og:locale\" content=\"de_DE\" \/>\n<meta property=\"og:type\" content=\"article\" \/>\n<meta property=\"og:title\" content=\"Bauernhof Set - Zablis.ch\" \/>\n<meta property=\"og:description\" content=\"Drei Bauernhof-Freunde, die schon vor dem Fr\u00fchst\u00fcck f\u00fcr Stimmung sorgen! Lustige Flexi-Sammelfiguren aus PLA &#8211; Das Oster Set Diese witzigen Flexi-Figuren aus PLA begeistern mit\u00a0beweglichen Gelenken, ganz ohne Montage. Dank pr\u00e4ziser Fertigung sind sie robust, flexibel und machen einfach Spass \u2013 ob als Deko oder Sammelobjekt. \u00a0Nachhaltiges Material\u00a0Ideal zum Verschenken Ein kleines Highlight mit grossem Gute-Laune-Faktor.\" \/>\n<meta property=\"og:url\" content=\"https:\/\/zablis.ch\/?product=bauernhof-set\" \/>\n<meta property=\"og:site_name\" content=\"Zablis.ch\" \/>\n<meta property=\"article:modified_time\" content=\"2026-02-17T17:19:45+00:00\" \/>\n<meta property=\"og:image\" content=\"https:\/\/zablis.ch\/2025\/wp-content\/uploads\/2026\/01\/Zablis_FarmSet_FlexiSleepingPig_FlexiChicken_FlexiHorse_Schwein_Huhn_Pferd.png\" \/>\n\t<meta property=\"og:image:width\" content=\"1334\" \/>\n\t<meta property=\"og:image:height\" content=\"1000\" \/>\n\t<meta property=\"og:image:type\" content=\"image\/png\" \/>\n<meta name=\"twitter:card\" content=\"summary_large_image\" \/>\n<meta name=\"twitter:label1\" content=\"Gesch\u00e4tzte Lesezeit\" \/>\n\t<meta name=\"twitter:data1\" content=\"1\u00a0Minute\" \/>\n<script type=\"application\/ld+json\" class=\"yoast-schema-graph\">{\"@context\":\"https:\/\/schema.org\",\"@graph\":[{\"@type\":\"WebPage\",\"@id\":\"https:\/\/zablis.ch\/?product=bauernhof-set\",\"url\":\"https:\/\/zablis.ch\/?product=bauernhof-set\",\"name\":\"Bauernhof Set - Zablis.ch\",\"isPartOf\":{\"@id\":\"https:\/\/zablis.ch\/#website\"},\"primaryImageOfPage\":{\"@id\":\"https:\/\/zablis.ch\/?product=bauernhof-set#primaryimage\"},\"image\":{\"@id\":\"https:\/\/zablis.ch\/?product=bauernhof-set#primaryimage\"},\"thumbnailUrl\":\"https:\/\/zablis.ch\/2025\/wp-content\/uploads\/2026\/01\/Zablis_FarmSet_FlexiSleepingPig_FlexiChicken_FlexiHorse_Schwein_Huhn_Pferd.png\",\"datePublished\":\"2026-01-05T07:33:49+00:00\",\"dateModified\":\"2026-02-17T17:19:45+00:00\",\"breadcrumb\":{\"@id\":\"https:\/\/zablis.ch\/?product=bauernhof-set#breadcrumb\"},\"inLanguage\":\"de-CH\",\"potentialAction\":[{\"@type\":\"ReadAction\",\"target\":[\"https:\/\/zablis.ch\/?product=bauernhof-set\"]}]},{\"@type\":\"ImageObject\",\"inLanguage\":\"de-CH\",\"@id\":\"https:\/\/zablis.ch\/?product=bauernhof-set#primaryimage\",\"url\":\"https:\/\/zablis.ch\/2025\/wp-content\/uploads\/2026\/01\/Zablis_FarmSet_FlexiSleepingPig_FlexiChicken_FlexiHorse_Schwein_Huhn_Pferd.png\",\"contentUrl\":\"https:\/\/zablis.ch\/2025\/wp-content\/uploads\/2026\/01\/Zablis_FarmSet_FlexiSleepingPig_FlexiChicken_FlexiHorse_Schwein_Huhn_Pferd.png\",\"width\":1334,\"height\":1000},{\"@type\":\"BreadcrumbList\",\"@id\":\"https:\/\/zablis.ch\/?product=bauernhof-set#breadcrumb\",\"itemListElement\":[{\"@type\":\"ListItem\",\"position\":1,\"name\":\"Startseite\",\"item\":\"https:\/\/zablis.ch\/\"},{\"@type\":\"ListItem\",\"position\":2,\"name\":\"Shop\",\"item\":\"https:\/\/zablis.ch\/?page_id=86\"},{\"@type\":\"ListItem\",\"position\":3,\"name\":\"Bauernhof Set\"}]},{\"@type\":\"WebSite\",\"@id\":\"https:\/\/zablis.ch\/#website\",\"url\":\"https:\/\/zablis.ch\/\",\"name\":\"Zablis.ch\",\"description\":\"Die lustigen Sammelfiguren\",\"publisher\":{\"@id\":\"https:\/\/zablis.ch\/#organization\"},\"potentialAction\":[{\"@type\":\"SearchAction\",\"target\":{\"@type\":\"EntryPoint\",\"urlTemplate\":\"https:\/\/zablis.ch\/?s={search_term_string}\"},\"query-input\":{\"@type\":\"PropertyValueSpecification\",\"valueRequired\":true,\"valueName\":\"search_term_string\"}}],\"inLanguage\":\"de-CH\"},{\"@type\":\"Organization\",\"@id\":\"https:\/\/zablis.ch\/#organization\",\"name\":\"Zablis\",\"url\":\"https:\/\/zablis.ch\/\",\"logo\":{\"@type\":\"ImageObject\",\"inLanguage\":\"de-CH\",\"@id\":\"https:\/\/zablis.ch\/#\/schema\/logo\/image\/\",\"url\":\"https:\/\/zablis.ch\/2025\/wp-content\/uploads\/2025\/10\/LOGO_Zablis_Text_color_transparent@2x.png\",\"contentUrl\":\"https:\/\/zablis.ch\/2025\/wp-content\/uploads\/2025\/10\/LOGO_Zablis_Text_color_transparent@2x.png\",\"width\":1685,\"height\":1191,\"caption\":\"Zablis\"},\"image\":{\"@id\":\"https:\/\/zablis.ch\/#\/schema\/logo\/image\/\"},\"sameAs\":[\"https:\/\/www.instagram.com\/zablis.ch\/\"]}]}<\/script>\n<!-- \/ Yoast SEO plugin. -->","yoast_head_json":{"title":"Bauernhof Set - Zablis.ch","robots":{"index":"index","follow":"follow","max-snippet":"max-snippet:-1","max-image-preview":"max-image-preview:large","max-video-preview":"max-video-preview:-1"},"canonical":"https:\/\/zablis.ch\/?product=bauernhof-set","og_locale":"de_DE","og_type":"article","og_title":"Bauernhof Set - Zablis.ch","og_description":"Drei Bauernhof-Freunde, die schon vor dem Fr\u00fchst\u00fcck f\u00fcr Stimmung sorgen! Lustige Flexi-Sammelfiguren aus PLA &#8211; Das Oster Set Diese witzigen Flexi-Figuren aus PLA begeistern mit\u00a0beweglichen Gelenken, ganz ohne Montage. Dank pr\u00e4ziser Fertigung sind sie robust, flexibel und machen einfach Spass \u2013 ob als Deko oder Sammelobjekt. \u00a0Nachhaltiges Material\u00a0Ideal zum Verschenken Ein kleines Highlight mit grossem Gute-Laune-Faktor.","og_url":"https:\/\/zablis.ch\/?product=bauernhof-set","og_site_name":"Zablis.ch","article_modified_time":"2026-02-17T17:19:45+00:00","og_image":[{"width":1334,"height":1000,"url":"https:\/\/zablis.ch\/2025\/wp-content\/uploads\/2026\/01\/Zablis_FarmSet_FlexiSleepingPig_FlexiChicken_FlexiHorse_Schwein_Huhn_Pferd.png","type":"image\/png"}],"twitter_card":"summary_large_image","twitter_misc":{"Gesch\u00e4tzte Lesezeit":"1\u00a0Minute"},"schema":{"@context":"https:\/\/schema.org","@graph":[{"@type":"WebPage","@id":"https:\/\/zablis.ch\/?product=bauernhof-set","url":"https:\/\/zablis.ch\/?product=bauernhof-set","name":"Bauernhof Set - Zablis.ch","isPartOf":{"@id":"https:\/\/zablis.ch\/#website"},"primaryImageOfPage":{"@id":"https:\/\/zablis.ch\/?product=bauernhof-set#primaryimage"},"image":{"@id":"https:\/\/zablis.ch\/?product=bauernhof-set#primaryimage"},"thumbnailUrl":"https:\/\/zablis.ch\/2025\/wp-content\/uploads\/2026\/01\/Zablis_FarmSet_FlexiSleepingPig_FlexiChicken_FlexiHorse_Schwein_Huhn_Pferd.png","datePublished":"2026-01-05T07:33:49+00:00","dateModified":"2026-02-17T17:19:45+00:00","breadcrumb":{"@id":"https:\/\/zablis.ch\/?product=bauernhof-set#breadcrumb"},"inLanguage":"de-CH","potentialAction":[{"@type":"ReadAction","target":["https:\/\/zablis.ch\/?product=bauernhof-set"]}]},{"@type":"ImageObject","inLanguage":"de-CH","@id":"https:\/\/zablis.ch\/?product=bauernhof-set#primaryimage","url":"https:\/\/zablis.ch\/2025\/wp-content\/uploads\/2026\/01\/Zablis_FarmSet_FlexiSleepingPig_FlexiChicken_FlexiHorse_Schwein_Huhn_Pferd.png","contentUrl":"https:\/\/zablis.ch\/2025\/wp-content\/uploads\/2026\/01\/Zablis_FarmSet_FlexiSleepingPig_FlexiChicken_FlexiHorse_Schwein_Huhn_Pferd.png","width":1334,"height":1000},{"@type":"BreadcrumbList","@id":"https:\/\/zablis.ch\/?product=bauernhof-set#breadcrumb","itemListElement":[{"@type":"ListItem","position":1,"name":"Startseite","item":"https:\/\/zablis.ch\/"},{"@type":"ListItem","position":2,"name":"Shop","item":"https:\/\/zablis.ch\/?page_id=86"},{"@type":"ListItem","position":3,"name":"Bauernhof Set"}]},{"@type":"WebSite","@id":"https:\/\/zablis.ch\/#website","url":"https:\/\/zablis.ch\/","name":"Zablis.ch","description":"Die lustigen Sammelfiguren","publisher":{"@id":"https:\/\/zablis.ch\/#organization"},"potentialAction":[{"@type":"SearchAction","target":{"@type":"EntryPoint","urlTemplate":"https:\/\/zablis.ch\/?s={search_term_string}"},"query-input":{"@type":"PropertyValueSpecification","valueRequired":true,"valueName":"search_term_string"}}],"inLanguage":"de-CH"},{"@type":"Organization","@id":"https:\/\/zablis.ch\/#organization","name":"Zablis","url":"https:\/\/zablis.ch\/","logo":{"@type":"ImageObject","inLanguage":"de-CH","@id":"https:\/\/zablis.ch\/#\/schema\/logo\/image\/","url":"https:\/\/zablis.ch\/2025\/wp-content\/uploads\/2025\/10\/LOGO_Zablis_Text_color_transparent@2x.png","contentUrl":"https:\/\/zablis.ch\/2025\/wp-content\/uploads\/2025\/10\/LOGO_Zablis_Text_color_transparent@2x.png","width":1685,"height":1191,"caption":"Zablis"},"image":{"@id":"https:\/\/zablis.ch\/#\/schema\/logo\/image\/"},"sameAs":["https:\/\/www.instagram.com\/zablis.ch\/"]}]}},"_links":{"self":[{"href":"https:\/\/zablis.ch\/index.php?rest_route=\/wp\/v2\/product\/288","targetHints":{"allow":["GET"]}}],"collection":[{"href":"https:\/\/zablis.ch\/index.php?rest_route=\/wp\/v2\/product"}],"about":[{"href":"https:\/\/zablis.ch\/index.php?rest_route=\/wp\/v2\/types\/product"}],"replies":[{"embeddable":true,"href":"https:\/\/zablis.ch\/index.php?rest_route=%2Fwp%2Fv2%2Fcomments&post=288"}],"wp:featuredmedia":[{"embeddable":true,"href":"https:\/\/zablis.ch\/index.php?rest_route=\/wp\/v2\/media\/286"}],"wp:attachment":[{"href":"https:\/\/zablis.ch\/index.php?rest_route=%2Fwp%2Fv2%2Fmedia&parent=288"}],"wp:term":[{"taxonomy":"product_cat","embeddable":true,"href":"https:\/\/zablis.ch\/index.php?rest_route=%2Fwp%2Fv2%2Fproduct_cat&post=288"},{"taxonomy":"product_tag","embeddable":true,"href":"https:\/\/zablis.ch\/index.php?rest_route=%2Fwp%2Fv2%2Fproduct_tag&post=288"}],"curies":[{"name":"wp","href":"https:\/\/api.w.org\/{rel}","templated":true}]}}